{"id":2,"date":"2016-11-24T09:03:47","date_gmt":"2016-11-24T08:03:47","guid":{"rendered":"https:\/\/www.tenone.fr\/?page_id=2"},"modified":"2016-12-02T16:18:51","modified_gmt":"2016-12-02T15:18:51","slug":"positionnement","status":"publish","type":"page","link":"https:\/\/www.tenone.fr\/index.php\/positionnement\/","title":{"rendered":"Positionnement"},"content":{"rendered":"<p style=\"text-align: center;\">\n<!-- iframe plugin v.4.5 wordpress.org\/plugins\/iframe\/ -->\n<iframe src=\"https:\/\/www.tenone.fr\/Ten_One_AnimatedLogo\/Ten_One_AnimatedLogo.html\" width=\"516\" height=\"253\" scrolling=\"yes\" class=\"iframe-class\" frameborder=\"0\"><\/iframe>\n<\/p>\n<p style=\"text-align: justify;\">La soci\u00e9t\u00e9 Ten One a pour objectif de rassembler des comp\u00e9tences techniques et\u00a0un sens du service d\u00e9velopp\u00e9 afin de proposer aux entreprises des conseils en syst\u00e8mes d&rsquo;information afin d&rsquo;am\u00e9liorer leurs processus m\u00e9tiers (R&amp;D, production, industrialisation, logistique, administration, communication, s\u00e9curit\u00e9).<\/p>\n<p style=\"text-align: justify;\">Nous nous focalisons sur le ou les besoins m\u00e9tiers pour les comprendre\u00a0et les analyser\u00a0pour offrir une solution adapt\u00e9e, un outil efficace et bien int\u00e9gr\u00e9. Nous int\u00e9grons \u00e0 nos livrables le r\u00e9sultat d&rsquo;une r\u00e9flexion globale et bienveillante pour vous guider et vous accompagner lors de ces changements dans vos syst\u00e8mes d&rsquo;information et dans vos m\u00e9tiers.<\/p>\n<p style=\"text-align: justify;\">Nos valeurs : Dynamisme, \u00e9coute, service, disponibilit\u00e9, comp\u00e9tences, accompagnement<\/p>\n<p style=\"text-align: justify;\">Nos Prestations : Nos conseils en syst\u00e8mes d&rsquo;information s&rsquo;appuient sur notre expertise informatique, la ma\u00eetrise des architectures techniques et logiciels et la capacit\u00e9 de d\u00e9veloppements sur de nombreuses plateformes.<\/p>\n<p style=\"text-align: justify;\">\n","protected":false},"excerpt":{"rendered":"<p>La soci\u00e9t\u00e9 Ten One a pour objectif de rassembler des comp\u00e9tences techniques et\u00a0un sens du service d\u00e9velopp\u00e9 afin de proposer aux entreprises des conseils en syst\u00e8mes d&rsquo;information afin d&rsquo;am\u00e9liorer leurs processus m\u00e9tiers (R&amp;D, production, industrialisation, logistique, administration, communication, s\u00e9curit\u00e9). Nous nous focalisons sur le ou les besoins m\u00e9tiers pour les comprendre\u00a0et les analyser\u00a0pour offrir une [&hellip;]<\/p>\n","protected":false},"author":1,"featured_media":0,"parent":0,"menu_order":0,"comment_status":"closed","ping_status":"open","template":"","meta":[],"_links":{"self":[{"href":"https:\/\/www.tenone.fr\/index.php\/wp-json\/wp\/v2\/pages\/2"}],"collection":[{"href":"https:\/\/www.tenone.fr\/index.php\/wp-json\/wp\/v2\/pages"}],"about":[{"href":"https:\/\/www.tenone.fr\/index.php\/wp-json\/wp\/v2\/types\/page"}],"author":[{"embeddable":true,"href":"https:\/\/www.tenone.fr\/index.php\/wp-json\/wp\/v2\/users\/1"}],"replies":[{"embeddable":true,"href":"https:\/\/www.tenone.fr\/index.php\/wp-json\/wp\/v2\/comments?post=2"}],"version-history":[{"count":12,"href":"https:\/\/www.tenone.fr\/index.php\/wp-json\/wp\/v2\/pages\/2\/revisions"}],"predecessor-version":[{"id":70,"href":"https:\/\/www.tenone.fr\/index.php\/wp-json\/wp\/v2\/pages\/2\/revisions\/70"}],"wp:attachment":[{"href":"https:\/\/www.tenone.fr\/index.php\/wp-json\/wp\/v2\/media?parent=2"}],"curies":[{"name":"wp","href":"https:\/\/api.w.org\/{rel}","templated":true}]}}