{"id":38,"date":"2016-11-28T14:59:11","date_gmt":"2016-11-28T13:59:11","guid":{"rendered":"https:\/\/www.tenone.fr\/?page_id=38"},"modified":"2016-11-28T14:59:11","modified_gmt":"2016-11-28T13:59:11","slug":"contacter-ten-one","status":"publish","type":"page","link":"https:\/\/www.tenone.fr\/index.php\/contacter-ten-one\/","title":{"rendered":"Contacter Ten One"},"content":{"rendered":"<p>Pour nous contacter, il suffit de remplir le formulaire ci-dessous. Nous nous effor\u00e7ons de r\u00e9pondre \u00e0 vos demandes dans les plus brefs d\u00e9lais.<\/p>\n<div role=\"form\" class=\"wpcf7\" id=\"wpcf7-f34-o1\" lang=\"fr-FR\" dir=\"ltr\">\n<div class=\"screen-reader-response\"><p role=\"status\" aria-live=\"polite\" aria-atomic=\"true\"><\/p> <ul><\/ul><\/div>\n<form action=\"\/index.php\/wp-json\/wp\/v2\/pages\/38#wpcf7-f34-o1\" method=\"post\" class=\"wpcf7-form init\" novalidate=\"novalidate\" data-status=\"init\">\n<div style=\"display: none;\">\n<input type=\"hidden\" name=\"_wpcf7\" value=\"34\" \/>\n<input type=\"hidden\" name=\"_wpcf7_version\" value=\"5.4.1\" \/>\n<input type=\"hidden\" name=\"_wpcf7_locale\" value=\"fr_FR\" \/>\n<input type=\"hidden\" name=\"_wpcf7_unit_tag\" value=\"wpcf7-f34-o1\" \/>\n<input type=\"hidden\" name=\"_wpcf7_container_post\" value=\"0\" \/>\n<input type=\"hidden\" name=\"_wpcf7_posted_data_hash\" value=\"\" \/>\n<input type=\"hidden\" name=\"_wpcf7_recaptcha_response\" value=\"\" \/>\n<\/div>\n<p><label> Nom (obligatoire) <div class=\"km_cf7-input-container \">\n\t\t\t<input type=\"text\" name=\"your-name\" value=\"\" size=\"40\" class=\"wpcf7-form-control wpcf7-text wpcf7-validates-as-required km_cf7-input\" id=\"kmcf7-your-name\" aria-required=\"true\" aria-invalid=\"false\" onfocus=\"km_cf7_designer_focus(this)\" onblur=\"km_cf7_designer_blur()\"\/>\n\t\t\t<label class=\"km_cf7-label\" for=\"kmcf7-your-name\" data-content=\"your name\">\n\t\t\t\t<span class=\"km_cf7_label-content\" data-content=\"your name\">your name<\/span>\n\t\t\t<\/label>\n\t\t\t\n\t\t<\/div> <\/label><\/p>\n<p><label> Email (obligatoire) <div class=\"km_cf7-input-container \">\n\t\t\t<input type=\"email\" name=\"your-email\" value=\"\" size=\"40\" class=\"wpcf7-form-control wpcf7-text wpcf7-email wpcf7-validates-as-required wpcf7-validates-as-email km_cf7-input\" id=\"kmcf7-your-email\" aria-required=\"true\" aria-invalid=\"false\" onfocus=\"km_cf7_designer_focus(this)\" onblur=\"km_cf7_designer_blur()\"\/>\n\t\t\t<label class=\"km_cf7-label\" for=\"kmcf7-your-email\" data-content=\"your email\">\n\t\t\t\t<span class=\"km_cf7_label-content\" data-content=\"your email\">your email<\/span>\n\t\t\t<\/label>\n\t\t\t\n\t\t<\/div> <\/label><\/p>\n<p><label> Sujet <div class=\"km_cf7-input-container \">\n\t\t\t<input type=\"text\" name=\"your-subject\" value=\"\" size=\"40\" class=\"wpcf7-form-control wpcf7-text km_cf7-input\" id=\"kmcf7-your-subject\" aria-invalid=\"false\" onfocus=\"km_cf7_designer_focus(this)\" onblur=\"km_cf7_designer_blur()\"\/>\n\t\t\t<label class=\"km_cf7-label\" for=\"kmcf7-your-subject\" data-content=\"your subject\">\n\t\t\t\t<span class=\"km_cf7_label-content\" data-content=\"your subject\">your subject<\/span>\n\t\t\t<\/label>\n\t\t\t\n\t\t<\/div> <\/label><\/p>\n<p><label> Message<br \/>\n    <div class=\"km_cf7-input-container km_cf7-textarea-container\">\n\t\t\t<textarea name=\"your-message\" cols=\"40\" rows=\"10\" class=\"wpcf7-form-control wpcf7-textarea km_cf7-input km_cf7-textarea\" id=\"kmcf7-your-message\" aria-invalid=\"false\" onfocus=\"km_cf7_designer_focus(this)\" onblur=\"km_cf7_designer_blur()\"><\/textarea>\n\t\t\t<label class=\"km_cf7-label\" for=\"kmcf7-your-message\" data-content=\"your message\">\n\t\t\t\t<span class=\"km_cf7_label-content\" data-content=\"your message\">your message<\/span>\n\t\t\t<\/label>\n\t\t\t\n\t\t<\/div> <\/label><\/p>\n\n<div class=\"km_cf7-submit-container\">\n\t\t\t\t<div class=\"km_cf7-submit-insider\">\n\t\t\t\t\t<div class=\"km_cf7-submit-btn-txt km_cf7-btn-txt-r\">Envoyer<\/div>\n\t\t\t\t\t<div class=\"km_cf7-submit-btn-txt km_cf7-btn-txt-h\">Envoyer<\/div>\n\t\t\t\t\t<div class=\"km_cf7-btn-bg-r\"><\/div><div class=\"km_cf7-btn-bg-h\"><\/div>\n\t\t\t\t\t<input type=\"submit\" value=\"Envoyer\" class=\"wpcf7-form-control wpcf7-submit km_cf7-button\" \/>\n\t\t\t\t<\/div>\n\t\t\t<\/div>\n<div class=\"wpcf7-response-output\" aria-hidden=\"true\"><\/div><\/form><\/div>\n","protected":false},"excerpt":{"rendered":"<p>Pour nous contacter, il suffit de remplir le formulaire ci-dessous. Nous nous effor\u00e7ons de r\u00e9pondre \u00e0 vos demandes dans les plus brefs d\u00e9lais.<\/p>\n","protected":false},"author":1,"featured_media":0,"parent":0,"menu_order":0,"comment_status":"closed","ping_status":"closed","template":"","meta":[],"_links":{"self":[{"href":"https:\/\/www.tenone.fr\/index.php\/wp-json\/wp\/v2\/pages\/38"}],"collection":[{"href":"https:\/\/www.tenone.fr\/index.php\/wp-json\/wp\/v2\/pages"}],"about":[{"href":"https:\/\/www.tenone.fr\/index.php\/wp-json\/wp\/v2\/types\/page"}],"author":[{"embeddable":true,"href":"https:\/\/www.tenone.fr\/index.php\/wp-json\/wp\/v2\/users\/1"}],"replies":[{"embeddable":true,"href":"https:\/\/www.tenone.fr\/index.php\/wp-json\/wp\/v2\/comments?post=38"}],"version-history":[{"count":4,"href":"https:\/\/www.tenone.fr\/index.php\/wp-json\/wp\/v2\/pages\/38\/revisions"}],"predecessor-version":[{"id":42,"href":"https:\/\/www.tenone.fr\/index.php\/wp-json\/wp\/v2\/pages\/38\/revisions\/42"}],"wp:attachment":[{"href":"https:\/\/www.tenone.fr\/index.php\/wp-json\/wp\/v2\/media?parent=38"}],"curies":[{"name":"wp","href":"https:\/\/api.w.org\/{rel}","templated":true}]}}